{"id":962,"date":"2015-09-29T14:39:18","date_gmt":"2015-09-29T13:39:18","guid":{"rendered":"http:\/\/walkingonwords.com\/sorteig-app-2\/"},"modified":"2015-10-13T12:25:06","modified_gmt":"2015-10-13T11:25:06","slug":"sorteig-app","status":"publish","type":"page","link":"https:\/\/walkingonwords.com\/es\/sorteig-app\/","title":{"rendered":"SORTEAMOS rutas muy WoW!     Participa!!!"},"content":{"rendered":"<p><a href=\"http:\/\/walkingonwords.com\/wp-content\/uploads\/2015\/09\/IMG_2271.jpg\"><img loading=\"lazy\" decoding=\"async\" class=\"alignnone wp-image-930\" src=\"http:\/\/walkingonwords.com\/wp-content\/uploads\/2015\/09\/IMG_2271-300x173.jpg\" alt=\"IMG_2271\" width=\"95\" height=\"55\" srcset=\"https:\/\/walkingonwords.com\/wp-content\/uploads\/2015\/09\/IMG_2271-300x173.jpg 300w, https:\/\/walkingonwords.com\/wp-content\/uploads\/2015\/09\/IMG_2271.jpg 646w\" sizes=\"auto, (max-width: 95px) 100vw, 95px\" \/><\/a><a href=\"http:\/\/walkingonwords.com\/wp-content\/uploads\/2015\/09\/IMG_2276.jpg\"><img loading=\"lazy\" decoding=\"async\" class=\"alignnone wp-image-935\" src=\"http:\/\/walkingonwords.com\/wp-content\/uploads\/2015\/09\/IMG_2273-300x200.jpg\" alt=\"IMG_2273\" width=\"80\" height=\"53\" srcset=\"https:\/\/walkingonwords.com\/wp-content\/uploads\/2015\/09\/IMG_2273-300x200.jpg 300w, https:\/\/walkingonwords.com\/wp-content\/uploads\/2015\/09\/IMG_2273.jpg 709w\" sizes=\"auto, (max-width: 80px) 100vw, 80px\" \/><img loading=\"lazy\" decoding=\"async\" class=\"alignnone wp-image-931\" src=\"http:\/\/walkingonwords.com\/wp-content\/uploads\/2015\/09\/IMG_2276-300x226.jpg\" alt=\"IMG_2276\" width=\"70\" height=\"53\" srcset=\"https:\/\/walkingonwords.com\/wp-content\/uploads\/2015\/09\/IMG_2276-300x226.jpg 300w, https:\/\/walkingonwords.com\/wp-content\/uploads\/2015\/09\/IMG_2276-400x300.jpg 400w, https:\/\/walkingonwords.com\/wp-content\/uploads\/2015\/09\/IMG_2276-650x500.jpg 650w, https:\/\/walkingonwords.com\/wp-content\/uploads\/2015\/09\/IMG_2276.jpg 665w\" sizes=\"auto, (max-width: 70px) 100vw, 70px\" \/><img loading=\"lazy\" decoding=\"async\" class=\"alignnone wp-image-933\" src=\"http:\/\/walkingonwords.com\/wp-content\/uploads\/2015\/09\/IMG_2278-300x160.jpg\" alt=\"IMG_2278\" width=\"99\" height=\"53\" srcset=\"https:\/\/walkingonwords.com\/wp-content\/uploads\/2015\/09\/IMG_2278-300x160.jpg 300w, https:\/\/walkingonwords.com\/wp-content\/uploads\/2015\/09\/IMG_2278.jpg 620w\" sizes=\"auto, (max-width: 99px) 100vw, 99px\" \/><\/a><a href=\"http:\/\/walkingonwords.com\/wp-content\/uploads\/2015\/09\/IMG_2277.jpg\"><img loading=\"lazy\" decoding=\"async\" class=\"alignnone wp-image-932\" src=\"http:\/\/walkingonwords.com\/wp-content\/uploads\/2015\/09\/IMG_2277-300x196.jpg\" alt=\"IMG_2277\" width=\"81\" height=\"53\" srcset=\"https:\/\/walkingonwords.com\/wp-content\/uploads\/2015\/09\/IMG_2277-300x196.jpg 300w, https:\/\/walkingonwords.com\/wp-content\/uploads\/2015\/09\/IMG_2277-440x292.jpg 440w, https:\/\/walkingonwords.com\/wp-content\/uploads\/2015\/09\/IMG_2277.jpg 446w\" sizes=\"auto, (max-width: 81px) 100vw, 81px\" \/><\/a><a href=\"http:\/\/walkingonwords.com\/wp-content\/uploads\/2015\/09\/IMG_2277.jpg\"><img loading=\"lazy\" decoding=\"async\" class=\"alignnone wp-image-942\" src=\"http:\/\/walkingonwords.com\/wp-content\/uploads\/2015\/09\/IMG_2284-300x169.jpg\" alt=\"IMG_2284\" width=\"92\" height=\"52\" srcset=\"https:\/\/walkingonwords.com\/wp-content\/uploads\/2015\/09\/IMG_2284-300x169.jpg 300w, https:\/\/walkingonwords.com\/wp-content\/uploads\/2015\/09\/IMG_2284.jpg 920w\" sizes=\"auto, (max-width: 92px) 100vw, 92px\" \/><\/a><\/p>\n<p><a href=\"http:\/\/walkingonwords.com\/wp-content\/uploads\/2015\/09\/IMG_2275.jpg\"><img loading=\"lazy\" decoding=\"async\" class=\"alignnone wp-image-934\" src=\"http:\/\/walkingonwords.com\/wp-content\/uploads\/2015\/09\/IMG_2275.jpg\" alt=\"IMG_2275\" width=\"82\" height=\"51\" \/><\/a><a href=\"http:\/\/walkingonwords.com\/wp-content\/uploads\/2015\/09\/IMG_2274.jpg\"><img loading=\"lazy\" decoding=\"async\" class=\"alignnone wp-image-936\" src=\"http:\/\/walkingonwords.com\/wp-content\/uploads\/2015\/09\/IMG_2274-300x168.jpg\" alt=\"IMG_2274\" width=\"88\" height=\"49\" srcset=\"https:\/\/walkingonwords.com\/wp-content\/uploads\/2015\/09\/IMG_2274-300x168.jpg 300w, https:\/\/walkingonwords.com\/wp-content\/uploads\/2015\/09\/IMG_2274.jpg 1000w\" sizes=\"auto, (max-width: 88px) 100vw, 88px\" \/><\/a><a href=\"http:\/\/walkingonwords.com\/wp-content\/uploads\/2015\/09\/IMG_2279.jpg\"><img loading=\"lazy\" decoding=\"async\" class=\"alignnone wp-image-938\" src=\"http:\/\/walkingonwords.com\/wp-content\/uploads\/2015\/09\/IMG_2279-300x200.jpg\" alt=\"IMG_2279\" width=\"86\" height=\"57\" srcset=\"https:\/\/walkingonwords.com\/wp-content\/uploads\/2015\/09\/IMG_2279-300x200.jpg 300w, https:\/\/walkingonwords.com\/wp-content\/uploads\/2015\/09\/IMG_2279.jpg 422w\" sizes=\"auto, (max-width: 86px) 100vw, 86px\" \/><\/a><a href=\"http:\/\/walkingonwords.com\/wp-content\/uploads\/2015\/09\/IMG_2283.jpg\"><img loading=\"lazy\" decoding=\"async\" class=\"alignnone wp-image-941\" src=\"http:\/\/walkingonwords.com\/wp-content\/uploads\/2015\/09\/IMG_2283-300x225.jpg\" alt=\"IMG_2283\" width=\"76\" height=\"57\" srcset=\"https:\/\/walkingonwords.com\/wp-content\/uploads\/2015\/09\/IMG_2283-300x225.jpg 300w, https:\/\/walkingonwords.com\/wp-content\/uploads\/2015\/09\/IMG_2283-400x300.jpg 400w, https:\/\/walkingonwords.com\/wp-content\/uploads\/2015\/09\/IMG_2283.jpg 800w\" sizes=\"auto, (max-width: 76px) 100vw, 76px\" \/><\/a><a href=\"http:\/\/walkingonwords.com\/wp-content\/uploads\/2015\/09\/IMG_2284.jpg\"><img loading=\"lazy\" decoding=\"async\" class=\"alignnone wp-image-939\" src=\"http:\/\/walkingonwords.com\/wp-content\/uploads\/2015\/09\/IMG_2281-224x300.jpg\" alt=\"IMG_2281\" width=\"42\" height=\"56\" srcset=\"https:\/\/walkingonwords.com\/wp-content\/uploads\/2015\/09\/IMG_2281-224x300.jpg 224w, https:\/\/walkingonwords.com\/wp-content\/uploads\/2015\/09\/IMG_2281.jpg 320w\" sizes=\"auto, (max-width: 42px) 100vw, 42px\" \/><\/a><\/p>\n<p>LANZAMOS\u00a0LA NUEVA\u00a0APP<strong> WOW! MALLORCA<\/strong>\u00a0Y TE INVITAMOS A VIVIR UNAS RUTAS MUY <strong>WOW!<\/strong><\/p>\n<p>A partir del domingo\u00a0d\u00cda 4 de octubre de 2015, desc\u00e1rgate el APP y gana privilegios para todas las rutas: cenas, estancias y otros placeres WoW!<\/p>\n<p><strong>\u00bfQU\u00c9 SORTEAMOS?<\/strong><\/p>\n<p><strong>7 pasaportes especiales WOW<\/strong>, correspondientes a las 7 rutas del proyecto, <strong>y 25\u00a0libros WoW!<\/strong> en edici\u00f3n multiling\u00fce, a todo color<\/p>\n<p><strong>Cada pasaporte incluye:<\/strong><\/p>\n<ul>\n<li><strong>estancia de 1 noche para 2 personas <\/strong>en un establicimiento hotelero de la ruta<\/li>\n<li><strong>bono para un almuerzo o cena para 2 personas\u00a0<\/strong>en un restaurante de prestigio de la ruta<\/li>\n<li><strong>el privilegio de convertirte en \u00abCronista WOW\u00bb, aportando las fotos y comentarios que hagas durante la ruta a los contenidos de un reportaje\u00a0<\/strong>\u00abWoW en primera persona\u00bb, que publicaremos en los medios de comunicaci\u00f3n<\/li>\n<li><strong>un paquete de entradas, descuentos y otras oportunidades especiales <\/strong>\u00a0para complementar la ruta\u00a0seleccionada (acceso a museos, visitas exclusivas, gu\u00eda personalizada&#8230;)<\/li>\n<\/ul>\n<p>Entre los\u00a0establecimientos colaboradores en el proyecto, est\u00e1n:<\/p>\n<p><strong>Restaurant Canela<\/strong> (Palma)<\/p>\n<p><strong>Hostal Can Mari\u00f3<\/strong> (Valldemossa)<\/p>\n<p><strong>Restaurant Can Calent<\/strong> (Campos)<\/p>\n<p><strong>Restaurant Mol\u00ed des Torrent<\/strong> (Santa Maria)<\/p>\n<p><strong>Hotel Convent de la Missi\u00f3<\/strong> (Palma)<\/p>\n<p><strong>Hotel Reads<\/strong> (Santa Maria)<\/p>\n<p><strong>Hotel Illa d\u2019Or<\/strong> (Pt. Pollen\u00e7a)<\/p>\n<p><strong>Hotel Hilton Sa Torre<\/strong> (Llucmajor)<\/p>\n<p>&nbsp;<\/p>\n<p><strong>\u00bfC\u00d3MO PARTICIPAR?<\/strong><\/p>\n<ul>\n<li><strong>Descarga el APP<\/strong> desde la plataforma adecuada a tu dispositivo: IOS (Apple Store) o Android (Google Play). El APP es gratu\u00edta y est\u00e1 disponible en 4 idiomas: catal\u00e1n, castellano, ingl\u00e9s y alem\u00e1n.<\/li>\n<li>Una vez instalado el APP, <strong>sigue las indicaciones del tutorial<\/strong> para acceder a sus contenidos. Debes elegir una de las rutas y descargarla en tu dispositivo.<\/li>\n<li>Comparte los contenidos del APP <strong>a trav\u00e9s de facebook, twitter o instagram con el hashtag #wowmallorca<\/strong>, y autom\u00e1ticamente entrar\u00e1s a formar parte de la base de datos del sorteo.<\/li>\n<li>La Fundaci\u00f3 Casa Museu,\u00a0como entidad gestora del proyecto Walking on Words, gestionar\u00e1 el <strong>sorteo de los 7 pasaportes WoW, <\/strong>\u00a0a raz\u00f3n de 1 pasaporte por semana, <strong>entre los d\u00edas 15\/10\/2015 y 26\/11\/2015<\/strong>.<\/li>\n<li>Para obtener cualquiera de los premios se deber\u00e1 acreaditar adecuadamente la descarga e instalaci\u00f3n del APP \u00abWoW Mallorca\u00bb en un dispositivo m\u00f3vil (smartphone o tablet), con antig\u00fcedad superior a la data de compartici\u00f3n.<\/li>\n<li>La Fundaci\u00f3 Casa Museu publicar\u00e1\u00a0semanalmente los ganadores del sorteo, a trav\u00e9s de sus canales de comunicaci\u00f3n habituales: web, mailing y redes sociales.<\/li>\n<li>La participaci\u00f3n en el sorteo es libre y est\u00e1 abierta a todos los usuarios mayores de 18 a\u00f1os que instalen el APP en su dispositivo, durante todo el periodo de vigencia de la promoci\u00f3n. Cada usuario podr\u00e1 contabilizar un m\u00e1ximo de 7 comparticiones del hashtag #wowmallorca a la semana. No se contabilizar\u00e1n las comparticiones que excedan este n\u00famero semanal.<\/li>\n<li>El hashtag #wowmallorca ha sido concebido como herramienta para dar visibilidad y ampliar la promoci\u00f3n del proyecto y la app WoW Mallorca. La organizaci\u00f3n se reserva el derecho de inclusi\u00f3n en el sorteo de las comparticiones que no se ajusten a estos fines, especialmente en relaci\u00f3n a usos que distorsionen la imagen del proyecto o resulten inadecuadas por su contenido.<\/li>\n<\/ul>\n<p>PARA M\u00c1S INFORMACI\u00d3N:<\/p>\n<p>info@walkingonwords.com<\/p>\n<p>971 88 60 14<\/p>\n<p>CON LA COLABORACI\u00d3N DE:<\/p>\n<p><img loading=\"lazy\" decoding=\"async\" class=\"alignnone wp-image-946\" src=\"http:\/\/walkingonwords.com\/wp-content\/uploads\/2015\/09\/logo-convent-de-la-missi\u00f3-300x118.png\" alt=\"logo convent de la missi\u00f3\" width=\"92\" height=\"36\" srcset=\"https:\/\/walkingonwords.com\/wp-content\/uploads\/2015\/09\/logo-convent-de-la-missi\u00f3-300x118.png 300w, https:\/\/walkingonwords.com\/wp-content\/uploads\/2015\/09\/logo-convent-de-la-missi\u00f3-1024x401.png 1024w, https:\/\/walkingonwords.com\/wp-content\/uploads\/2015\/09\/logo-convent-de-la-missi\u00f3-980x380.png 980w, https:\/\/walkingonwords.com\/wp-content\/uploads\/2015\/09\/logo-convent-de-la-missi\u00f3.png 1857w\" sizes=\"auto, (max-width: 92px) 100vw, 92px\" \/>\u00a0 \u00a0 \u00a0 \u00a0<img loading=\"lazy\" decoding=\"async\" class=\"alignnone wp-image-947\" src=\"http:\/\/walkingonwords.com\/wp-content\/uploads\/2015\/09\/Nueva-imagen.bmp\" alt=\"Nueva imagen\" width=\"66\" height=\"38\" \/>\u00a0\u00a0\u00a0\u00a0<img loading=\"lazy\" decoding=\"async\" class=\"alignnone wp-image-945\" src=\"http:\/\/walkingonwords.com\/wp-content\/uploads\/2015\/09\/hotel-illa-dor-LOGO.png\" alt=\"hotel illa d'or LOGO\" width=\"45\" height=\"36\" \/>\u00a0 \u00a0<img loading=\"lazy\" decoding=\"async\" class=\"alignnone wp-image-948\" src=\"http:\/\/walkingonwords.com\/wp-content\/uploads\/2015\/09\/Nueva-imagen-1.bmp\" alt=\"Nueva imagen (1)\" width=\"69\" height=\"55\" \/><img loading=\"lazy\" decoding=\"async\" class=\"alignnone wp-image-944\" src=\"http:\/\/walkingonwords.com\/wp-content\/uploads\/2015\/09\/Hltn-Sa-Torre-Mallorca-blk_rgb-300x244.jpg\" alt=\"HHR_PropertyName_MASTER_080210\" width=\"60\" height=\"49\" srcset=\"https:\/\/walkingonwords.com\/wp-content\/uploads\/2015\/09\/Hltn-Sa-Torre-Mallorca-blk_rgb-300x244.jpg 300w, https:\/\/walkingonwords.com\/wp-content\/uploads\/2015\/09\/Hltn-Sa-Torre-Mallorca-blk_rgb-1024x832.jpg 1024w, https:\/\/walkingonwords.com\/wp-content\/uploads\/2015\/09\/Hltn-Sa-Torre-Mallorca-blk_rgb-650x530.jpg 650w, https:\/\/walkingonwords.com\/wp-content\/uploads\/2015\/09\/Hltn-Sa-Torre-Mallorca-blk_rgb.jpg 1600w\" sizes=\"auto, (max-width: 60px) 100vw, 60px\" \/><img loading=\"lazy\" decoding=\"async\" class=\"alignnone wp-image-950\" src=\"http:\/\/walkingonwords.com\/wp-content\/uploads\/2015\/09\/READS_logo.2-300x150.jpg\" alt=\"READS_logo.2\" width=\"86\" height=\"43\" srcset=\"https:\/\/walkingonwords.com\/wp-content\/uploads\/2015\/09\/READS_logo.2-300x150.jpg 300w, https:\/\/walkingonwords.com\/wp-content\/uploads\/2015\/09\/READS_logo.2-1024x512.jpg 1024w\" sizes=\"auto, (max-width: 86px) 100vw, 86px\" \/>\u00a0 <a href=\"http:\/\/walkingonwords.com\/wp-content\/uploads\/2015\/09\/logo-moli-des-torrent1.jpg\"><img loading=\"lazy\" decoding=\"async\" class=\"alignnone wp-image-951\" src=\"http:\/\/walkingonwords.com\/wp-content\/uploads\/2015\/09\/logo-moli-des-torrent1-300x26.jpg\" alt=\"logo moli des torrent\" width=\"185\" height=\"16\" srcset=\"https:\/\/walkingonwords.com\/wp-content\/uploads\/2015\/09\/logo-moli-des-torrent1-300x26.jpg 300w, https:\/\/walkingonwords.com\/wp-content\/uploads\/2015\/09\/logo-moli-des-torrent1.jpg 502w\" sizes=\"auto, (max-width: 185px) 100vw, 185px\" \/>\u00a0<\/a><\/p>\n","protected":false},"excerpt":{"rendered":"<p>LANZAMOS\u00a0LA NUEVA\u00a0APP WOW! MALLORCA\u00a0Y TE INVITAMOS A VIVIR UNAS RUTAS MUY WOW! A partir del domingo\u00a0d\u00cda 4 de octubre de 2015, desc\u00e1rgate el APP y gana privilegios para todas las rutas: cenas, estancias y otros placeres WoW! \u00bfQU\u00c9 SORTEAMOS? 7 pasaportes especiales WOW, correspondientes a las 7 rutas del proyecto, y 25\u00a0libros WoW! en edici\u00f3n&#8230; <\/p>\n<div class=\"clear\"><\/div>\n<p><a href=\"https:\/\/walkingonwords.com\/es\/sorteig-app\/\" class=\"gdlr-button without-border excerpt-read-more\">Read More<\/a><\/p>\n","protected":false},"author":4,"featured_media":0,"parent":0,"menu_order":0,"comment_status":"closed","ping_status":"closed","template":"","meta":{"footnotes":"","_links_to":"","_links_to_target":""},"class_list":["post-962","page","type-page","status-publish","hentry"],"_links":{"self":[{"href":"https:\/\/walkingonwords.com\/es\/wp-json\/wp\/v2\/pages\/962","targetHints":{"allow":["GET"]}}],"collection":[{"href":"https:\/\/walkingonwords.com\/es\/wp-json\/wp\/v2\/pages"}],"about":[{"href":"https:\/\/walkingonwords.com\/es\/wp-json\/wp\/v2\/types\/page"}],"author":[{"embeddable":true,"href":"https:\/\/walkingonwords.com\/es\/wp-json\/wp\/v2\/users\/4"}],"replies":[{"embeddable":true,"href":"https:\/\/walkingonwords.com\/es\/wp-json\/wp\/v2\/comments?post=962"}],"version-history":[{"count":5,"href":"https:\/\/walkingonwords.com\/es\/wp-json\/wp\/v2\/pages\/962\/revisions"}],"predecessor-version":[{"id":970,"href":"https:\/\/walkingonwords.com\/es\/wp-json\/wp\/v2\/pages\/962\/revisions\/970"}],"wp:attachment":[{"href":"https:\/\/walkingonwords.com\/es\/wp-json\/wp\/v2\/media?parent=962"}],"curies":[{"name":"wp","href":"https:\/\/api.w.org\/{rel}","templated":true}]}}