{"id":961,"date":"2015-09-29T14:39:18","date_gmt":"2015-09-29T13:39:18","guid":{"rendered":"http:\/\/walkingonwords.com\/sorteig-app-2\/"},"modified":"2015-10-13T12:24:25","modified_gmt":"2015-10-13T11:24:25","slug":"sorteig-app","status":"publish","type":"page","link":"https:\/\/walkingonwords.com\/de\/sorteig-app\/","title":{"rendered":"WIR VERLOSEN TOUREN MIT WOW-EFFEKT! MACH MIT!"},"content":{"rendered":"<p><a href=\"http:\/\/walkingonwords.com\/wp-content\/uploads\/2015\/09\/IMG_2271.jpg\"><img loading=\"lazy\" decoding=\"async\" class=\"alignnone wp-image-930\" src=\"http:\/\/walkingonwords.com\/wp-content\/uploads\/2015\/09\/IMG_2271-300x173.jpg\" alt=\"IMG_2271\" width=\"95\" height=\"55\" srcset=\"https:\/\/walkingonwords.com\/wp-content\/uploads\/2015\/09\/IMG_2271-300x173.jpg 300w, https:\/\/walkingonwords.com\/wp-content\/uploads\/2015\/09\/IMG_2271.jpg 646w\" sizes=\"auto, (max-width: 95px) 100vw, 95px\" \/><\/a><a href=\"http:\/\/walkingonwords.com\/wp-content\/uploads\/2015\/09\/IMG_2276.jpg\"><img loading=\"lazy\" decoding=\"async\" class=\"alignnone wp-image-935\" src=\"http:\/\/walkingonwords.com\/wp-content\/uploads\/2015\/09\/IMG_2273-300x200.jpg\" alt=\"IMG_2273\" width=\"80\" height=\"53\" srcset=\"https:\/\/walkingonwords.com\/wp-content\/uploads\/2015\/09\/IMG_2273-300x200.jpg 300w, https:\/\/walkingonwords.com\/wp-content\/uploads\/2015\/09\/IMG_2273.jpg 709w\" sizes=\"auto, (max-width: 80px) 100vw, 80px\" \/><img loading=\"lazy\" decoding=\"async\" class=\"alignnone wp-image-931\" src=\"http:\/\/walkingonwords.com\/wp-content\/uploads\/2015\/09\/IMG_2276-300x226.jpg\" alt=\"IMG_2276\" width=\"70\" height=\"53\" srcset=\"https:\/\/walkingonwords.com\/wp-content\/uploads\/2015\/09\/IMG_2276-300x226.jpg 300w, https:\/\/walkingonwords.com\/wp-content\/uploads\/2015\/09\/IMG_2276-400x300.jpg 400w, https:\/\/walkingonwords.com\/wp-content\/uploads\/2015\/09\/IMG_2276-650x500.jpg 650w, https:\/\/walkingonwords.com\/wp-content\/uploads\/2015\/09\/IMG_2276.jpg 665w\" sizes=\"auto, (max-width: 70px) 100vw, 70px\" \/><img loading=\"lazy\" decoding=\"async\" class=\"alignnone wp-image-933\" src=\"http:\/\/walkingonwords.com\/wp-content\/uploads\/2015\/09\/IMG_2278-300x160.jpg\" alt=\"IMG_2278\" width=\"99\" height=\"53\" srcset=\"https:\/\/walkingonwords.com\/wp-content\/uploads\/2015\/09\/IMG_2278-300x160.jpg 300w, https:\/\/walkingonwords.com\/wp-content\/uploads\/2015\/09\/IMG_2278.jpg 620w\" sizes=\"auto, (max-width: 99px) 100vw, 99px\" \/><\/a><a href=\"http:\/\/walkingonwords.com\/wp-content\/uploads\/2015\/09\/IMG_2277.jpg\"><img loading=\"lazy\" decoding=\"async\" class=\"alignnone wp-image-932\" src=\"http:\/\/walkingonwords.com\/wp-content\/uploads\/2015\/09\/IMG_2277-300x196.jpg\" alt=\"IMG_2277\" width=\"81\" height=\"53\" srcset=\"https:\/\/walkingonwords.com\/wp-content\/uploads\/2015\/09\/IMG_2277-300x196.jpg 300w, https:\/\/walkingonwords.com\/wp-content\/uploads\/2015\/09\/IMG_2277-440x292.jpg 440w, https:\/\/walkingonwords.com\/wp-content\/uploads\/2015\/09\/IMG_2277.jpg 446w\" sizes=\"auto, (max-width: 81px) 100vw, 81px\" \/><\/a><a href=\"http:\/\/walkingonwords.com\/wp-content\/uploads\/2015\/09\/IMG_2277.jpg\"><img loading=\"lazy\" decoding=\"async\" class=\"alignnone wp-image-942\" src=\"http:\/\/walkingonwords.com\/wp-content\/uploads\/2015\/09\/IMG_2284-300x169.jpg\" alt=\"IMG_2284\" width=\"92\" height=\"52\" srcset=\"https:\/\/walkingonwords.com\/wp-content\/uploads\/2015\/09\/IMG_2284-300x169.jpg 300w, https:\/\/walkingonwords.com\/wp-content\/uploads\/2015\/09\/IMG_2284.jpg 920w\" sizes=\"auto, (max-width: 92px) 100vw, 92px\" \/><\/a><\/p>\n<p><a href=\"http:\/\/walkingonwords.com\/wp-content\/uploads\/2015\/09\/IMG_2275.jpg\"><img loading=\"lazy\" decoding=\"async\" class=\"alignnone wp-image-934\" src=\"http:\/\/walkingonwords.com\/wp-content\/uploads\/2015\/09\/IMG_2275.jpg\" alt=\"IMG_2275\" width=\"82\" height=\"51\" \/><\/a><a href=\"http:\/\/walkingonwords.com\/wp-content\/uploads\/2015\/09\/IMG_2274.jpg\"><img loading=\"lazy\" decoding=\"async\" class=\"alignnone wp-image-936\" src=\"http:\/\/walkingonwords.com\/wp-content\/uploads\/2015\/09\/IMG_2274-300x168.jpg\" alt=\"IMG_2274\" width=\"88\" height=\"49\" srcset=\"https:\/\/walkingonwords.com\/wp-content\/uploads\/2015\/09\/IMG_2274-300x168.jpg 300w, https:\/\/walkingonwords.com\/wp-content\/uploads\/2015\/09\/IMG_2274.jpg 1000w\" sizes=\"auto, (max-width: 88px) 100vw, 88px\" \/><\/a><a href=\"http:\/\/walkingonwords.com\/wp-content\/uploads\/2015\/09\/IMG_2279.jpg\"><img loading=\"lazy\" decoding=\"async\" class=\"alignnone wp-image-938\" src=\"http:\/\/walkingonwords.com\/wp-content\/uploads\/2015\/09\/IMG_2279-300x200.jpg\" alt=\"IMG_2279\" width=\"86\" height=\"57\" srcset=\"https:\/\/walkingonwords.com\/wp-content\/uploads\/2015\/09\/IMG_2279-300x200.jpg 300w, https:\/\/walkingonwords.com\/wp-content\/uploads\/2015\/09\/IMG_2279.jpg 422w\" sizes=\"auto, (max-width: 86px) 100vw, 86px\" \/><\/a><a href=\"http:\/\/walkingonwords.com\/wp-content\/uploads\/2015\/09\/IMG_2283.jpg\"><img loading=\"lazy\" decoding=\"async\" class=\"alignnone wp-image-941\" src=\"http:\/\/walkingonwords.com\/wp-content\/uploads\/2015\/09\/IMG_2283-300x225.jpg\" alt=\"IMG_2283\" width=\"76\" height=\"57\" srcset=\"https:\/\/walkingonwords.com\/wp-content\/uploads\/2015\/09\/IMG_2283-300x225.jpg 300w, https:\/\/walkingonwords.com\/wp-content\/uploads\/2015\/09\/IMG_2283-400x300.jpg 400w, https:\/\/walkingonwords.com\/wp-content\/uploads\/2015\/09\/IMG_2283.jpg 800w\" sizes=\"auto, (max-width: 76px) 100vw, 76px\" \/><\/a><a href=\"http:\/\/walkingonwords.com\/wp-content\/uploads\/2015\/09\/IMG_2284.jpg\"><img loading=\"lazy\" decoding=\"async\" class=\"alignnone wp-image-939\" src=\"http:\/\/walkingonwords.com\/wp-content\/uploads\/2015\/09\/IMG_2281-224x300.jpg\" alt=\"IMG_2281\" width=\"42\" height=\"56\" srcset=\"https:\/\/walkingonwords.com\/wp-content\/uploads\/2015\/09\/IMG_2281-224x300.jpg 224w, https:\/\/walkingonwords.com\/wp-content\/uploads\/2015\/09\/IMG_2281.jpg 320w\" sizes=\"auto, (max-width: 42px) 100vw, 42px\" \/><\/a><\/p>\n<p>WIR STARTEN DIE NEUE APP <strong>WOW! MALLORCA <\/strong>UND LADEN DICH DAZU EIN, DIE WOW-TOUREN ZU ERLEBEN<strong>!<\/strong><\/p>\n<p>Ab Sonntag, dem 4. Oktober 2015 kannst du die App herunterladen und besondere \u201ePrivilegien\u201c f\u00fcr eine der Touren gewinnen: Abendessen, Hotel\u00fcbernachtungen und andere WoW-Freuden!<\/p>\n<p><strong>WAS VERLOSEN WIR?<\/strong><\/p>\n<p><strong>7 Spezial WoW-Reisep\u00e4sse<\/strong> zu den 7 Touren des Projekts und <strong>25 Wow B\u00fccher, <\/strong>vielsprachig und in Farbe!<\/p>\n<p><strong>Jeder WoW-Reisepass umfasst:<\/strong><\/p>\n<ul>\n<li><strong>eine \u00dcbernachtung f\u00fcr zwei Personen <\/strong>in einem Hotel auf der Strecke der Tour,<\/li>\n<li><strong>einen Essensgutschein f\u00fcr Mittag- oder Abendessen f\u00fcr zwei Personen <\/strong>jeweils in einem angesehenen Restaurant der jeweiligen WoW-Tour,<\/li>\n<li><strong>das Privileg, zum \u201eWoW-Chronisten\u201c zu werden, <\/strong>wenn wir deine Fotos und Kommentare zur Tour als Reportage \u201eWoW aus erster Quelle\u201c in den Medien ver\u00f6ffentlichen,<\/li>\n<li>und <strong>eine Sammlung an Eintrittskarten, Erm\u00e4\u00dfigungen und anderen Gutscheinen, <\/strong>um die ausgew\u00e4hlte Tour noch attraktiver zu gestalten (Eintritt in Museen, pers\u00f6nliche F\u00fchrungen &#8230;).<\/li>\n<\/ul>\n<p>Das Projekt wird unterst\u00fctzt von:<\/p>\n<p><strong>Restaurant Canela <\/strong>(Palma)<\/p>\n<p><strong>Hostal Can Mari\u00f3 <\/strong>(Valldemossa)<\/p>\n<p><strong>Restaurant Can Calent <\/strong>(Campos)<\/p>\n<p><strong>Restaurant Mol\u00ed des Torrent <\/strong>(Santa Maria)<\/p>\n<p><strong>Hotel Convent de la Missi\u00f3 <\/strong>(Palma)<\/p>\n<p><strong>Hotel Reads <\/strong>(Santa Maria)<\/p>\n<p><strong>Hotel Illa d\u2019Or <\/strong>(Pt. Pollen\u00e7a)<\/p>\n<p><strong>Hotel Hilton Sa Torre <\/strong>(Llucmajor)<\/p>\n<p>&nbsp;<\/p>\n<p><strong>Wie kannst du an der Verlosung teilnehmen?<\/strong><\/p>\n<ul>\n<li><strong>Lade die App <\/strong>von der entsprechenden Plattform auf dein Ger\u00e4t herunter: IOS (Apple Store) oder Android (Google Play). Die App ist kostenlos und in vier verschiedenen Sprachen verf\u00fcgbar: Katalanisch, Spanisch, Englisch und Deutsch.<\/li>\n<li>Ist die App installiert, <strong>befolge die einzelnen Schritte der Anleitung,<\/strong> um an die Inhalte zu gelangen. Dazu musst du eine der Routen w\u00e4hlen und sie auf dein Ger\u00e4t laden.<\/li>\n<li>Teile Inhalte der App per<strong> Facebook, Twitter oder Instagram mit dem Hashtag #wowmallorca, <\/strong>um automatisch in die Auswahl f\u00fcr die Verlosung zu gelangen.<\/li>\n<li>Die Stiftung Fundaci\u00f3 Casa Museu, die das Projekt Walking on Words betreut, wird zwischen dem <strong> Oktober und dem 26. November 2015 jede Woche einen der sieben WoW-Reisep\u00e4sse verlosen.<\/strong><\/li>\n<li>Um an der Verlosung teilzunehmen, muss man sich beim Download und Installieren der App \u201eWoW Mallorca\u201c akkreditiert haben, bevor man die Inhalte der App in den sozialen Netwerken teilt.<\/li>\n<li>Die Stiftung Fundaci\u00f3 Casa Museu ver\u00f6ffentlicht die Namen der Gewinner w\u00f6chentlich \u00fcber die \u00fcblichen Kommunikationswege: Website, Newsletter und soziale Netzwerke.<\/li>\n<li>Die Teilnahme an der Verlosung ist freiwillig und steht allen vollj\u00e4hrigen Nutzern der App im Zeitraum der Aktion offen. Jeder Teilnehmer kann w\u00f6chentlich bis zu sieben Nachrichten mit dem Hashtag #wowmallorca teilen. Nachrichten, die diese Anzahl \u00fcbersteigen, gelangen nicht mit in die Auswahl f\u00fcr die Verlosung.<\/li>\n<li>Der Hashtag #wowmallorca wurde geschaffen, um das Projekt und die App WoW Mallorca bekannter zu machen. Der Veranstalter beh\u00e4lt sich das Recht vor, Inhalte von der Verlosung auszuschlie\u00dfen, die diesem Sinn widersprechen, insbesondere unangemessene oder sinnentstellende Inhalte.<\/li>\n<\/ul>\n<p>WEITERE INFORMATION:<\/p>\n<p>info@walkingonwords.com<\/p>\n<p>Tel. +34-971 88 60 14<\/p>\n<p>In Zusammenarbeit mit:<\/p>\n<p><img loading=\"lazy\" decoding=\"async\" class=\"alignnone wp-image-946\" src=\"http:\/\/walkingonwords.com\/wp-content\/uploads\/2015\/09\/logo-convent-de-la-missi\u00f3-300x118.png\" alt=\"logo convent de la missi\u00f3\" width=\"92\" height=\"36\" srcset=\"https:\/\/walkingonwords.com\/wp-content\/uploads\/2015\/09\/logo-convent-de-la-missi\u00f3-300x118.png 300w, https:\/\/walkingonwords.com\/wp-content\/uploads\/2015\/09\/logo-convent-de-la-missi\u00f3-1024x401.png 1024w, https:\/\/walkingonwords.com\/wp-content\/uploads\/2015\/09\/logo-convent-de-la-missi\u00f3-980x380.png 980w, https:\/\/walkingonwords.com\/wp-content\/uploads\/2015\/09\/logo-convent-de-la-missi\u00f3.png 1857w\" sizes=\"auto, (max-width: 92px) 100vw, 92px\" \/>\u00a0 \u00a0 \u00a0 \u00a0<img loading=\"lazy\" decoding=\"async\" class=\"alignnone wp-image-947\" src=\"http:\/\/walkingonwords.com\/wp-content\/uploads\/2015\/09\/Nueva-imagen.bmp\" alt=\"Nueva imagen\" width=\"66\" height=\"38\" \/>\u00a0\u00a0\u00a0\u00a0<img loading=\"lazy\" decoding=\"async\" class=\"alignnone wp-image-945\" src=\"http:\/\/walkingonwords.com\/wp-content\/uploads\/2015\/09\/hotel-illa-dor-LOGO.png\" alt=\"hotel illa d'or LOGO\" width=\"45\" height=\"36\" \/>\u00a0 \u00a0<img loading=\"lazy\" decoding=\"async\" class=\"alignnone wp-image-948\" src=\"http:\/\/walkingonwords.com\/wp-content\/uploads\/2015\/09\/Nueva-imagen-1.bmp\" alt=\"Nueva imagen (1)\" width=\"69\" height=\"55\" \/><img loading=\"lazy\" decoding=\"async\" class=\"alignnone wp-image-944\" src=\"http:\/\/walkingonwords.com\/wp-content\/uploads\/2015\/09\/Hltn-Sa-Torre-Mallorca-blk_rgb-300x244.jpg\" alt=\"HHR_PropertyName_MASTER_080210\" width=\"60\" height=\"49\" srcset=\"https:\/\/walkingonwords.com\/wp-content\/uploads\/2015\/09\/Hltn-Sa-Torre-Mallorca-blk_rgb-300x244.jpg 300w, https:\/\/walkingonwords.com\/wp-content\/uploads\/2015\/09\/Hltn-Sa-Torre-Mallorca-blk_rgb-1024x832.jpg 1024w, https:\/\/walkingonwords.com\/wp-content\/uploads\/2015\/09\/Hltn-Sa-Torre-Mallorca-blk_rgb-650x530.jpg 650w, https:\/\/walkingonwords.com\/wp-content\/uploads\/2015\/09\/Hltn-Sa-Torre-Mallorca-blk_rgb.jpg 1600w\" sizes=\"auto, (max-width: 60px) 100vw, 60px\" \/><img loading=\"lazy\" decoding=\"async\" class=\"alignnone wp-image-950\" src=\"http:\/\/walkingonwords.com\/wp-content\/uploads\/2015\/09\/READS_logo.2-300x150.jpg\" alt=\"READS_logo.2\" width=\"86\" height=\"43\" srcset=\"https:\/\/walkingonwords.com\/wp-content\/uploads\/2015\/09\/READS_logo.2-300x150.jpg 300w, https:\/\/walkingonwords.com\/wp-content\/uploads\/2015\/09\/READS_logo.2-1024x512.jpg 1024w\" sizes=\"auto, (max-width: 86px) 100vw, 86px\" \/>\u00a0 <a href=\"http:\/\/walkingonwords.com\/wp-content\/uploads\/2015\/09\/logo-moli-des-torrent1.jpg\"><img loading=\"lazy\" decoding=\"async\" class=\"alignnone wp-image-951\" src=\"http:\/\/walkingonwords.com\/wp-content\/uploads\/2015\/09\/logo-moli-des-torrent1-300x26.jpg\" alt=\"logo moli des torrent\" width=\"185\" height=\"16\" srcset=\"https:\/\/walkingonwords.com\/wp-content\/uploads\/2015\/09\/logo-moli-des-torrent1-300x26.jpg 300w, https:\/\/walkingonwords.com\/wp-content\/uploads\/2015\/09\/logo-moli-des-torrent1.jpg 502w\" sizes=\"auto, (max-width: 185px) 100vw, 185px\" \/>\u00a0<\/a><\/p>\n","protected":false},"excerpt":{"rendered":"<p>WIR STARTEN DIE NEUE APP WOW! MALLORCA UND LADEN DICH DAZU EIN, DIE WOW-TOUREN ZU ERLEBEN! Ab Sonntag, dem 4. Oktober 2015 kannst du die App herunterladen und besondere \u201ePrivilegien\u201c f\u00fcr eine der Touren gewinnen: Abendessen, Hotel\u00fcbernachtungen und andere WoW-Freuden! WAS VERLOSEN WIR? 7 Spezial WoW-Reisep\u00e4sse zu den 7 Touren des Projekts und 25 Wow&#8230; <\/p>\n<div class=\"clear\"><\/div>\n<p><a href=\"https:\/\/walkingonwords.com\/de\/sorteig-app\/\" class=\"gdlr-button without-border excerpt-read-more\">Read More<\/a><\/p>\n","protected":false},"author":4,"featured_media":0,"parent":0,"menu_order":0,"comment_status":"closed","ping_status":"closed","template":"","meta":{"footnotes":"","_links_to":"","_links_to_target":""},"class_list":["post-961","page","type-page","status-publish","hentry"],"_links":{"self":[{"href":"https:\/\/walkingonwords.com\/de\/wp-json\/wp\/v2\/pages\/961","targetHints":{"allow":["GET"]}}],"collection":[{"href":"https:\/\/walkingonwords.com\/de\/wp-json\/wp\/v2\/pages"}],"about":[{"href":"https:\/\/walkingonwords.com\/de\/wp-json\/wp\/v2\/types\/page"}],"author":[{"embeddable":true,"href":"https:\/\/walkingonwords.com\/de\/wp-json\/wp\/v2\/users\/4"}],"replies":[{"embeddable":true,"href":"https:\/\/walkingonwords.com\/de\/wp-json\/wp\/v2\/comments?post=961"}],"version-history":[{"count":5,"href":"https:\/\/walkingonwords.com\/de\/wp-json\/wp\/v2\/pages\/961\/revisions"}],"predecessor-version":[{"id":981,"href":"https:\/\/walkingonwords.com\/de\/wp-json\/wp\/v2\/pages\/961\/revisions\/981"}],"wp:attachment":[{"href":"https:\/\/walkingonwords.com\/de\/wp-json\/wp\/v2\/media?parent=961"}],"curies":[{"name":"wp","href":"https:\/\/api.w.org\/{rel}","templated":true}]}}